{"id":928,"date":"2021-10-14T09:19:06","date_gmt":"2021-10-14T07:19:06","guid":{"rendered":"https:\/\/inopcom.com\/?page_id=928"},"modified":"2021-10-15T16:34:22","modified_gmt":"2021-10-15T14:34:22","slug":"cliveuses-fujikura","status":"publish","type":"page","link":"https:\/\/inopcom.com\/index.php\/cliveuses-fujikura\/","title":{"rendered":"Cliveuses Fujikura"},"content":{"rendered":"\t\t<div data-elementor-type=\"wp-page\" data-elementor-id=\"928\" class=\"elementor elementor-928\">\n\t\t\t\t\t\t\t\t\t<section class=\"elementor-section elementor-top-section elementor-element elementor-element-0d4f38e elementor-section-boxed elementor-section-height-default elementor-section-height-default\" data-id=\"0d4f38e\" data-element_type=\"section\">\n\t\t\t\t\t\t<div class=\"elementor-container elementor-column-gap-default\">\n\t\t\t\t\t<div class=\"elementor-column elementor-col-50 elementor-top-column elementor-element elementor-element-e693641\" data-id=\"e693641\" data-element_type=\"column\">\n\t\t\t<div class=\"elementor-widget-wrap elementor-element-populated\">\n\t\t\t\t\t\t\t\t<div class=\"elementor-element elementor-element-4f8c783 elementor-widget elementor-widget-heading\" data-id=\"4f8c783\" data-element_type=\"widget\" data-widget_type=\"heading.default\">\n\t\t\t\t<div class=\"elementor-widget-container\">\n\t\t\t<style>\/*! elementor - v3.6.6 - 08-06-2022 *\/\n.elementor-heading-title{padding:0;margin:0;line-height:1}.elementor-widget-heading .elementor-heading-title[class*=elementor-size-]>a{color:inherit;font-size:inherit;line-height:inherit}.elementor-widget-heading .elementor-heading-title.elementor-size-small{font-size:15px}.elementor-widget-heading .elementor-heading-title.elementor-size-medium{font-size:19px}.elementor-widget-heading .elementor-heading-title.elementor-size-large{font-size:29px}.elementor-widget-heading .elementor-heading-title.elementor-size-xl{font-size:39px}.elementor-widget-heading .elementor-heading-title.elementor-size-xxl{font-size:59px}<\/style><h4 class=\"elementor-heading-title elementor-size-default\">Cliveuse FUJIKURA CT50<\/h4>\t\t<\/div>\n\t\t\t\t<\/div>\n\t\t\t\t<div class=\"elementor-element elementor-element-c27b548 elementor-widget elementor-widget-image\" data-id=\"c27b548\" data-element_type=\"widget\" data-widget_type=\"image.default\">\n\t\t\t\t<div class=\"elementor-widget-container\">\n\t\t\t<style>\/*! elementor - v3.6.6 - 08-06-2022 *\/\n.elementor-widget-image{text-align:center}.elementor-widget-image a{display:inline-block}.elementor-widget-image a img[src$=\".svg\"]{width:48px}.elementor-widget-image img{vertical-align:middle;display:inline-block}<\/style>\t\t\t\t\t\t\t\t\t\t\t\t<img width=\"150\" height=\"150\" src=\"https:\/\/inopcom.com\/wp-content\/uploads\/2021\/10\/cliveuse-fujikura-ct50-150x150.jpg\" class=\"attachment-thumbnail size-thumbnail\" alt=\"\" loading=\"lazy\" \/>\t\t\t\t\t\t\t\t\t\t\t\t\t\t\t<\/div>\n\t\t\t\t<\/div>\n\t\t\t\t<div class=\"elementor-element elementor-element-62284fd elementor-widget elementor-widget-text-editor\" data-id=\"62284fd\" data-element_type=\"widget\" data-widget_type=\"text-editor.default\">\n\t\t\t\t<div class=\"elementor-widget-container\">\n\t\t\t<style>\/*! elementor - v3.6.6 - 08-06-2022 *\/\n.elementor-widget-text-editor.elementor-drop-cap-view-stacked .elementor-drop-cap{background-color:#818a91;color:#fff}.elementor-widget-text-editor.elementor-drop-cap-view-framed .elementor-drop-cap{color:#818a91;border:3px solid;background-color:transparent}.elementor-widget-text-editor:not(.elementor-drop-cap-view-default) .elementor-drop-cap{margin-top:8px}.elementor-widget-text-editor:not(.elementor-drop-cap-view-default) .elementor-drop-cap-letter{width:1em;height:1em}.elementor-widget-text-editor .elementor-drop-cap{float:left;text-align:center;line-height:1;font-size:50px}.elementor-widget-text-editor .elementor-drop-cap-letter{display:inline-block}<\/style>\t\t\t\t<p>Meilleure r\u00e9sistance aux chocs, changement automatique de la position de la lame de coupe via une communication sans fil avec la soudeuse. De plus, elle termine le clivage de la fibre et la r\u00e9cup\u00e9ration des d\u00e9chets dans la m\u00eame \u00e9tape.<\/p><p><span style=\"color: #f88d00;\"><strong>0.00 \u20ac HT . Nous consulter<br \/><\/strong><\/span><\/p>\t\t\t\t\t\t<\/div>\n\t\t\t\t<\/div>\n\t\t\t\t\t<\/div>\n\t\t<\/div>\n\t\t\t\t<div class=\"elementor-column elementor-col-50 elementor-top-column elementor-element elementor-element-e5cbea1\" data-id=\"e5cbea1\" data-element_type=\"column\">\n\t\t\t<div class=\"elementor-widget-wrap elementor-element-populated\">\n\t\t\t\t\t\t\t\t<div class=\"elementor-element elementor-element-2bc4dfa elementor-widget elementor-widget-heading\" data-id=\"2bc4dfa\" data-element_type=\"widget\" data-widget_type=\"heading.default\">\n\t\t\t\t<div class=\"elementor-widget-container\">\n\t\t\t<h4 class=\"elementor-heading-title elementor-size-default\">Cliveuse FUJIKURA CT08<\/h4>\t\t<\/div>\n\t\t\t\t<\/div>\n\t\t\t\t<div class=\"elementor-element elementor-element-cf752a2 elementor-widget elementor-widget-image\" data-id=\"cf752a2\" data-element_type=\"widget\" data-widget_type=\"image.default\">\n\t\t\t\t<div class=\"elementor-widget-container\">\n\t\t\t\t\t\t\t\t\t\t\t\t\t\t\t<img width=\"150\" height=\"150\" src=\"https:\/\/inopcom.com\/wp-content\/uploads\/2021\/10\/CT08-150x150.png\" class=\"attachment-thumbnail size-thumbnail\" alt=\"\" loading=\"lazy\" \/>\t\t\t\t\t\t\t\t\t\t\t\t\t\t\t<\/div>\n\t\t\t\t<\/div>\n\t\t\t\t<div class=\"elementor-element elementor-element-db58507 elementor-widget elementor-widget-text-editor\" data-id=\"db58507\" data-element_type=\"widget\" data-widget_type=\"text-editor.default\">\n\t\t\t\t<div class=\"elementor-widget-container\">\n\t\t\t\t\t\t\t<p>Adapt\u00e9e au FTTX et \u00e0 d&rsquo;autres applications de clivage \u00e0 fibre unique, la CT08 est une cliveuse tr\u00e8s robuste. elle est con\u00e7ue pour un remplacement facile des m\u00e2choires de fibre et de la lame de coupe sur le terrain, r\u00e9duisant ainsi les co\u00fbts et le temps de maintenance.<\/p><p><span style=\"color: #f88d00;\"><strong>0.00 \u20ac HT . Nous consulter<br \/><\/strong><\/span><\/p>\t\t\t\t\t\t<\/div>\n\t\t\t\t<\/div>\n\t\t\t\t\t<\/div>\n\t\t<\/div>\n\t\t\t\t\t\t\t<\/div>\n\t\t<\/section>\n\t\t\t\t\t\t\t<\/div>\n\t\t","protected":false},"excerpt":{"rendered":"<p>Cliveuse FUJIKURA CT50 Meilleure r\u00e9sistance aux chocs, changement automatique de la position de la lame de coupe via une communication sans fil avec la soudeuse. De plus, elle termine le clivage de la fibre et la r\u00e9cup\u00e9ration des d\u00e9chets dans la m\u00eame \u00e9tape. 0.00 \u20ac HT . Nous consulter Cliveuse FUJIKURA CT08 Adapt\u00e9e au FTTX &hellip;<\/p>\n<p class=\"read-more\"> <a class=\"\" href=\"https:\/\/inopcom.com\/index.php\/cliveuses-fujikura\/\"> <span class=\"screen-reader-text\">Cliveuses Fujikura<\/span> Lire la suite\u00a0\u00bb<\/a><\/p>\n","protected":false},"author":1,"featured_media":0,"parent":0,"menu_order":0,"comment_status":"closed","ping_status":"closed","template":"","meta":[],"_links":{"self":[{"href":"https:\/\/inopcom.com\/index.php\/wp-json\/wp\/v2\/pages\/928"}],"collection":[{"href":"https:\/\/inopcom.com\/index.php\/wp-json\/wp\/v2\/pages"}],"about":[{"href":"https:\/\/inopcom.com\/index.php\/wp-json\/wp\/v2\/types\/page"}],"author":[{"embeddable":true,"href":"https:\/\/inopcom.com\/index.php\/wp-json\/wp\/v2\/users\/1"}],"replies":[{"embeddable":true,"href":"https:\/\/inopcom.com\/index.php\/wp-json\/wp\/v2\/comments?post=928"}],"version-history":[{"count":7,"href":"https:\/\/inopcom.com\/index.php\/wp-json\/wp\/v2\/pages\/928\/revisions"}],"predecessor-version":[{"id":987,"href":"https:\/\/inopcom.com\/index.php\/wp-json\/wp\/v2\/pages\/928\/revisions\/987"}],"wp:attachment":[{"href":"https:\/\/inopcom.com\/index.php\/wp-json\/wp\/v2\/media?parent=928"}],"curies":[{"name":"wp","href":"https:\/\/api.w.org\/{rel}","templated":true}]}}