{"id":858,"date":"2021-10-13T18:20:52","date_gmt":"2021-10-13T16:20:52","guid":{"rendered":"https:\/\/inopcom.com\/?page_id=858"},"modified":"2021-10-15T16:36:01","modified_gmt":"2021-10-15T14:36:01","slug":"cliveuses","status":"publish","type":"page","link":"https:\/\/inopcom.com\/index.php\/cliveuses\/","title":{"rendered":"Cliveuses Sumitomo"},"content":{"rendered":"\t\t<div data-elementor-type=\"wp-page\" data-elementor-id=\"858\" class=\"elementor elementor-858\">\n\t\t\t\t\t\t\t\t\t<section class=\"elementor-section elementor-top-section elementor-element elementor-element-ef72289 elementor-section-boxed elementor-section-height-default elementor-section-height-default\" data-id=\"ef72289\" data-element_type=\"section\">\n\t\t\t\t\t\t<div class=\"elementor-container elementor-column-gap-default\">\n\t\t\t\t\t<div class=\"elementor-column elementor-col-50 elementor-top-column elementor-element elementor-element-38a0023\" data-id=\"38a0023\" data-element_type=\"column\">\n\t\t\t<div class=\"elementor-widget-wrap elementor-element-populated\">\n\t\t\t\t\t\t\t\t<div class=\"elementor-element elementor-element-0b9daec elementor-widget elementor-widget-heading\" data-id=\"0b9daec\" data-element_type=\"widget\" data-widget_type=\"heading.default\">\n\t\t\t\t<div class=\"elementor-widget-container\">\n\t\t\t<style>\/*! elementor - v3.6.6 - 08-06-2022 *\/\n.elementor-heading-title{padding:0;margin:0;line-height:1}.elementor-widget-heading .elementor-heading-title[class*=elementor-size-]>a{color:inherit;font-size:inherit;line-height:inherit}.elementor-widget-heading .elementor-heading-title.elementor-size-small{font-size:15px}.elementor-widget-heading .elementor-heading-title.elementor-size-medium{font-size:19px}.elementor-widget-heading .elementor-heading-title.elementor-size-large{font-size:29px}.elementor-widget-heading .elementor-heading-title.elementor-size-xl{font-size:39px}.elementor-widget-heading .elementor-heading-title.elementor-size-xxl{font-size:59px}<\/style><h4 class=\"elementor-heading-title elementor-size-default\">Cliveuse Sumitomo FC-8R-F<\/h4>\t\t<\/div>\n\t\t\t\t<\/div>\n\t\t\t\t<div class=\"elementor-element elementor-element-e5ca0ac elementor-widget elementor-widget-image\" data-id=\"e5ca0ac\" data-element_type=\"widget\" data-widget_type=\"image.default\">\n\t\t\t\t<div class=\"elementor-widget-container\">\n\t\t\t<style>\/*! elementor - v3.6.6 - 08-06-2022 *\/\n.elementor-widget-image{text-align:center}.elementor-widget-image a{display:inline-block}.elementor-widget-image a img[src$=\".svg\"]{width:48px}.elementor-widget-image img{vertical-align:middle;display:inline-block}<\/style>\t\t\t\t\t\t\t\t\t\t\t\t<img width=\"150\" height=\"150\" src=\"https:\/\/inopcom.com\/wp-content\/uploads\/2021\/10\/FC-8R-F-1-150x150.png\" class=\"attachment-thumbnail size-thumbnail\" alt=\"\" loading=\"lazy\" srcset=\"https:\/\/inopcom.com\/wp-content\/uploads\/2021\/10\/FC-8R-F-1-150x150.png 150w, https:\/\/inopcom.com\/wp-content\/uploads\/2021\/10\/FC-8R-F-1-300x300.png 300w, https:\/\/inopcom.com\/wp-content\/uploads\/2021\/10\/FC-8R-F-1.png 500w\" sizes=\"(max-width: 150px) 100vw, 150px\" \/>\t\t\t\t\t\t\t\t\t\t\t\t\t\t\t<\/div>\n\t\t\t\t<\/div>\n\t\t\t\t<div class=\"elementor-element elementor-element-4084c49 elementor-widget elementor-widget-text-editor\" data-id=\"4084c49\" data-element_type=\"widget\" data-widget_type=\"text-editor.default\">\n\t\t\t\t<div class=\"elementor-widget-container\">\n\t\t\t<style>\/*! elementor - v3.6.6 - 08-06-2022 *\/\n.elementor-widget-text-editor.elementor-drop-cap-view-stacked .elementor-drop-cap{background-color:#818a91;color:#fff}.elementor-widget-text-editor.elementor-drop-cap-view-framed .elementor-drop-cap{color:#818a91;border:3px solid;background-color:transparent}.elementor-widget-text-editor:not(.elementor-drop-cap-view-default) .elementor-drop-cap{margin-top:8px}.elementor-widget-text-editor:not(.elementor-drop-cap-view-default) .elementor-drop-cap-letter{width:1em;height:1em}.elementor-widget-text-editor .elementor-drop-cap{float:left;text-align:center;line-height:1;font-size:50px}.elementor-widget-text-editor .elementor-drop-cap-letter{display:inline-block}<\/style>\t\t\t\t<p>Cliveuse de pr\u00e9cision ergonomique, simple d\u2019utilisation avec retour de chariot automatique et lame auto-rotative.<\/p><p>Elle dispose d\u2019un m\u00e9canisme de rotation manuelle ou automatique de la lame. Par cons\u00e9quent elle ne n\u00e9cessite plus d\u2019intervention de la part des techniciens \u00a0jusqu\u2019\u00e0 l\u2019usure totale de la lame. Elle comprend \u00e9galement\u00a0un collecteur de chute de fibre int\u00e9gr\u00e9.\u00a0<\/p><p><span style=\"color: #f88d00;\"><strong>0.00 \u20ac HT . Nous consulter<br \/><\/strong><\/span><\/p>\t\t\t\t\t\t<\/div>\n\t\t\t\t<\/div>\n\t\t\t\t<div class=\"elementor-element elementor-element-8339795 elementor-widget-divider--view-line elementor-widget elementor-widget-divider\" data-id=\"8339795\" data-element_type=\"widget\" data-widget_type=\"divider.default\">\n\t\t\t\t<div class=\"elementor-widget-container\">\n\t\t\t<style>\/*! elementor - v3.6.6 - 08-06-2022 *\/\n.elementor-widget-divider{--divider-border-style:none;--divider-border-width:1px;--divider-color:#2c2c2c;--divider-icon-size:20px;--divider-element-spacing:10px;--divider-pattern-height:24px;--divider-pattern-size:20px;--divider-pattern-url:none;--divider-pattern-repeat:repeat-x}.elementor-widget-divider .elementor-divider{display:-webkit-box;display:-ms-flexbox;display:flex}.elementor-widget-divider .elementor-divider__text{font-size:15px;line-height:1;max-width:95%}.elementor-widget-divider .elementor-divider__element{margin:0 var(--divider-element-spacing);-ms-flex-negative:0;flex-shrink:0}.elementor-widget-divider .elementor-icon{font-size:var(--divider-icon-size)}.elementor-widget-divider .elementor-divider-separator{display:-webkit-box;display:-ms-flexbox;display:flex;margin:0;direction:ltr}.elementor-widget-divider--view-line_icon .elementor-divider-separator,.elementor-widget-divider--view-line_text .elementor-divider-separator{-webkit-box-align:center;-ms-flex-align:center;align-items:center}.elementor-widget-divider--view-line_icon .elementor-divider-separator:after,.elementor-widget-divider--view-line_icon .elementor-divider-separator:before,.elementor-widget-divider--view-line_text .elementor-divider-separator:after,.elementor-widget-divider--view-line_text .elementor-divider-separator:before{display:block;content:\"\";border-bottom:0;-webkit-box-flex:1;-ms-flex-positive:1;flex-grow:1;border-top:var(--divider-border-width) var(--divider-border-style) var(--divider-color)}.elementor-widget-divider--element-align-left .elementor-divider .elementor-divider-separator>.elementor-divider__svg:first-of-type{-webkit-box-flex:0;-ms-flex-positive:0;flex-grow:0;-ms-flex-negative:100;flex-shrink:100}.elementor-widget-divider--element-align-left .elementor-divider-separator:before{content:none}.elementor-widget-divider--element-align-left .elementor-divider__element{margin-left:0}.elementor-widget-divider--element-align-right .elementor-divider .elementor-divider-separator>.elementor-divider__svg:last-of-type{-webkit-box-flex:0;-ms-flex-positive:0;flex-grow:0;-ms-flex-negative:100;flex-shrink:100}.elementor-widget-divider--element-align-right .elementor-divider-separator:after{content:none}.elementor-widget-divider--element-align-right .elementor-divider__element{margin-right:0}.elementor-widget-divider:not(.elementor-widget-divider--view-line_text):not(.elementor-widget-divider--view-line_icon) .elementor-divider-separator{border-top:var(--divider-border-width) var(--divider-border-style) var(--divider-color)}.elementor-widget-divider--separator-type-pattern{--divider-border-style:none}.elementor-widget-divider--separator-type-pattern.elementor-widget-divider--view-line .elementor-divider-separator,.elementor-widget-divider--separator-type-pattern:not(.elementor-widget-divider--view-line) .elementor-divider-separator:after,.elementor-widget-divider--separator-type-pattern:not(.elementor-widget-divider--view-line) .elementor-divider-separator:before,.elementor-widget-divider--separator-type-pattern:not([class*=elementor-widget-divider--view]) .elementor-divider-separator{width:100%;min-height:var(--divider-pattern-height);-webkit-mask-size:var(--divider-pattern-size) 100%;mask-size:var(--divider-pattern-size) 100%;-webkit-mask-repeat:var(--divider-pattern-repeat);mask-repeat:var(--divider-pattern-repeat);background-color:var(--divider-color);-webkit-mask-image:var(--divider-pattern-url);mask-image:var(--divider-pattern-url)}.elementor-widget-divider--no-spacing{--divider-pattern-size:auto}.elementor-widget-divider--bg-round{--divider-pattern-repeat:round}.rtl .elementor-widget-divider .elementor-divider__text{direction:rtl}<\/style>\t\t<div class=\"elementor-divider\">\n\t\t\t<span class=\"elementor-divider-separator\">\n\t\t\t\t\t\t<\/span>\n\t\t<\/div>\n\t\t\t\t<\/div>\n\t\t\t\t<\/div>\n\t\t\t\t<div class=\"elementor-element elementor-element-431c649 elementor-widget elementor-widget-heading\" data-id=\"431c649\" data-element_type=\"widget\" data-widget_type=\"heading.default\">\n\t\t\t\t<div class=\"elementor-widget-container\">\n\t\t\t<h4 class=\"elementor-heading-title elementor-size-default\">Cliveuse Sumitomo FC-6RS-C<\/h4>\t\t<\/div>\n\t\t\t\t<\/div>\n\t\t\t\t<div class=\"elementor-element elementor-element-df0393a elementor-widget elementor-widget-image\" data-id=\"df0393a\" data-element_type=\"widget\" data-widget_type=\"image.default\">\n\t\t\t\t<div class=\"elementor-widget-container\">\n\t\t\t\t\t\t\t\t\t\t\t\t\t\t\t<img width=\"150\" height=\"150\" src=\"https:\/\/inopcom.com\/wp-content\/uploads\/2021\/10\/FC-6RS-C-150x150.jpg\" class=\"attachment-thumbnail size-thumbnail\" alt=\"\" loading=\"lazy\" \/>\t\t\t\t\t\t\t\t\t\t\t\t\t\t\t<\/div>\n\t\t\t\t<\/div>\n\t\t\t\t<div class=\"elementor-element elementor-element-caa5a4e elementor-widget elementor-widget-text-editor\" data-id=\"caa5a4e\" data-element_type=\"widget\" data-widget_type=\"text-editor.default\">\n\t\t\t\t<div class=\"elementor-widget-container\">\n\t\t\t\t\t\t\t<div class=\"product-description\"><div class=\"woocommerce-product-details__short-description\"><p>La nouvelle cliveuse fibre optique derni\u00e8re g\u00e9n\u00e9ration. Elle dispose d\u2019un m\u00e9canisme unique de rotation manuelle de la lame.<\/p><p>Rapide et maniable cette cliveuse manuelle est facile d\u2019utilisation.\u00a0<\/p><\/div><p>Elle poss\u00e8de un collecteur de chute de fibre pour la s\u00e9curit\u00e9 du technicien.<\/p><p>Trois modes de fonctionnement :<\/p><ul><li>Rotation continue de la lame \u00e0 chaque coupe<\/li><li>Rotation d\u2019une position de la lame<\/li><li>Position fixe de la lame<\/li><\/ul><\/div><p><span style=\"color: #f88d00;\"><strong>0.00 \u20ac HT . Nous consulter<br \/><\/strong><\/span><\/p>\t\t\t\t\t\t<\/div>\n\t\t\t\t<\/div>\n\t\t\t\t\t<\/div>\n\t\t<\/div>\n\t\t\t\t<div class=\"elementor-column elementor-col-50 elementor-top-column elementor-element elementor-element-7b1b35b\" data-id=\"7b1b35b\" data-element_type=\"column\">\n\t\t\t<div class=\"elementor-widget-wrap elementor-element-populated\">\n\t\t\t\t\t\t\t\t<div class=\"elementor-element elementor-element-4b4f920 elementor-widget elementor-widget-heading\" data-id=\"4b4f920\" data-element_type=\"widget\" data-widget_type=\"heading.default\">\n\t\t\t\t<div class=\"elementor-widget-container\">\n\t\t\t<h4 class=\"elementor-heading-title elementor-size-default\">Cliveuse Sumitomo FC-7R-F<\/h4>\t\t<\/div>\n\t\t\t\t<\/div>\n\t\t\t\t<div class=\"elementor-element elementor-element-6b37462 elementor-widget elementor-widget-image\" data-id=\"6b37462\" data-element_type=\"widget\" data-widget_type=\"image.default\">\n\t\t\t\t<div class=\"elementor-widget-container\">\n\t\t\t\t\t\t\t\t\t\t\t\t\t\t\t<img width=\"150\" height=\"150\" src=\"https:\/\/inopcom.com\/wp-content\/uploads\/2021\/10\/FC-7R-F-1-150x150.jpg\" class=\"attachment-thumbnail size-thumbnail\" alt=\"\" loading=\"lazy\" \/>\t\t\t\t\t\t\t\t\t\t\t\t\t\t\t<\/div>\n\t\t\t\t<\/div>\n\t\t\t\t<div class=\"elementor-element elementor-element-84114a3 elementor-widget elementor-widget-text-editor\" data-id=\"84114a3\" data-element_type=\"widget\" data-widget_type=\"text-editor.default\">\n\t\t\t\t<div class=\"elementor-widget-container\">\n\t\t\t\t\t\t\t<p>Cliveuse de pr\u00e9cision ergonomique, simple d\u2019utilisation avec retour de chariot automatique et lame auto-rotative.<\/p><p>Elle dispose d\u2019un m\u00e9canisme de rotation automatique de la lame. Par cons\u00e9quent elle ne n\u00e9cessite plus d\u2019intervention de la part des techniciens \u00a0jusqu\u2019\u00e0 l\u2019usure totale de la lame. .\u00a0<\/p><p><span style=\"color: #f88d00;\"><strong>0.00 \u20ac HT . Nous consulter<br \/><\/strong><\/span><\/p>\t\t\t\t\t\t<\/div>\n\t\t\t\t<\/div>\n\t\t\t\t<div class=\"elementor-element elementor-element-d5b8526 elementor-widget-divider--view-line elementor-widget elementor-widget-divider\" data-id=\"d5b8526\" data-element_type=\"widget\" data-widget_type=\"divider.default\">\n\t\t\t\t<div class=\"elementor-widget-container\">\n\t\t\t\t\t<div class=\"elementor-divider\">\n\t\t\t<span class=\"elementor-divider-separator\">\n\t\t\t\t\t\t<\/span>\n\t\t<\/div>\n\t\t\t\t<\/div>\n\t\t\t\t<\/div>\n\t\t\t\t<div class=\"elementor-element elementor-element-b135764 elementor-widget elementor-widget-heading\" data-id=\"b135764\" data-element_type=\"widget\" data-widget_type=\"heading.default\">\n\t\t\t\t<div class=\"elementor-widget-container\">\n\t\t\t<h4 class=\"elementor-heading-title elementor-size-default\">Cliveuse Sumitomo FC-6S-C<\/h4>\t\t<\/div>\n\t\t\t\t<\/div>\n\t\t\t\t<div class=\"elementor-element elementor-element-463307b elementor-widget elementor-widget-image\" data-id=\"463307b\" data-element_type=\"widget\" data-widget_type=\"image.default\">\n\t\t\t\t<div class=\"elementor-widget-container\">\n\t\t\t\t\t\t\t\t\t\t\t\t\t\t\t<img width=\"150\" height=\"150\" src=\"https:\/\/inopcom.com\/wp-content\/uploads\/2021\/10\/fc6s-150x150.jpg\" class=\"attachment-thumbnail size-thumbnail\" alt=\"\" loading=\"lazy\" srcset=\"https:\/\/inopcom.com\/wp-content\/uploads\/2021\/10\/fc6s-150x150.jpg 150w, https:\/\/inopcom.com\/wp-content\/uploads\/2021\/10\/fc6s-300x300.jpg 300w, https:\/\/inopcom.com\/wp-content\/uploads\/2021\/10\/fc6s.jpg 500w\" sizes=\"(max-width: 150px) 100vw, 150px\" \/>\t\t\t\t\t\t\t\t\t\t\t\t\t\t\t<\/div>\n\t\t\t\t<\/div>\n\t\t\t\t<div class=\"elementor-element elementor-element-385d489 elementor-widget elementor-widget-text-editor\" data-id=\"385d489\" data-element_type=\"widget\" data-widget_type=\"text-editor.default\">\n\t\t\t\t<div class=\"elementor-widget-container\">\n\t\t\t\t\t\t\t<div class=\"product-description\">Cliveuse manuelle \u00e0 manipulation ais\u00e9e et rapide.<\/div><div>\u00a0<\/div><div class=\"product-description\">Elle poss\u00e8de un collecteur de chute de fibre.<br \/>La conception de son chariot simplifie l\u2019ajustement et la rotation de la lame.<\/div><div>\u00a0<\/div><p><span style=\"color: #f88d00;\"><strong>0.00 \u20ac HT . Nous consulter<br \/><\/strong><\/span><\/p>\t\t\t\t\t\t<\/div>\n\t\t\t\t<\/div>\n\t\t\t\t\t<\/div>\n\t\t<\/div>\n\t\t\t\t\t\t\t<\/div>\n\t\t<\/section>\n\t\t\t\t\t\t\t<\/div>\n\t\t","protected":false},"excerpt":{"rendered":"<p>Cliveuse Sumitomo FC-8R-F Cliveuse de pr\u00e9cision ergonomique, simple d\u2019utilisation avec retour de chariot automatique et lame auto-rotative. Elle dispose d\u2019un m\u00e9canisme de rotation manuelle ou automatique de la lame. Par cons\u00e9quent elle ne n\u00e9cessite plus d\u2019intervention de la part des techniciens \u00a0jusqu\u2019\u00e0 l\u2019usure totale de la lame. Elle comprend \u00e9galement\u00a0un collecteur de chute de fibre &hellip;<\/p>\n<p class=\"read-more\"> <a class=\"\" href=\"https:\/\/inopcom.com\/index.php\/cliveuses\/\"> <span class=\"screen-reader-text\">Cliveuses Sumitomo<\/span> Lire la suite\u00a0\u00bb<\/a><\/p>\n","protected":false},"author":1,"featured_media":0,"parent":0,"menu_order":0,"comment_status":"closed","ping_status":"closed","template":"","meta":[],"_links":{"self":[{"href":"https:\/\/inopcom.com\/index.php\/wp-json\/wp\/v2\/pages\/858"}],"collection":[{"href":"https:\/\/inopcom.com\/index.php\/wp-json\/wp\/v2\/pages"}],"about":[{"href":"https:\/\/inopcom.com\/index.php\/wp-json\/wp\/v2\/types\/page"}],"author":[{"embeddable":true,"href":"https:\/\/inopcom.com\/index.php\/wp-json\/wp\/v2\/users\/1"}],"replies":[{"embeddable":true,"href":"https:\/\/inopcom.com\/index.php\/wp-json\/wp\/v2\/comments?post=858"}],"version-history":[{"count":23,"href":"https:\/\/inopcom.com\/index.php\/wp-json\/wp\/v2\/pages\/858\/revisions"}],"predecessor-version":[{"id":993,"href":"https:\/\/inopcom.com\/index.php\/wp-json\/wp\/v2\/pages\/858\/revisions\/993"}],"wp:attachment":[{"href":"https:\/\/inopcom.com\/index.php\/wp-json\/wp\/v2\/media?parent=858"}],"curies":[{"name":"wp","href":"https:\/\/api.w.org\/{rel}","templated":true}]}}