{"id":833,"date":"2021-10-13T15:37:00","date_gmt":"2021-10-13T13:37:00","guid":{"rendered":"https:\/\/inopcom.com\/?page_id=833"},"modified":"2021-10-15T16:34:42","modified_gmt":"2021-10-15T14:34:42","slug":"soudeuse-fukikura","status":"publish","type":"page","link":"https:\/\/inopcom.com\/index.php\/soudeuse-fukikura\/","title":{"rendered":"Soudeuses Fujikura"},"content":{"rendered":"\t\t<div data-elementor-type=\"wp-page\" data-elementor-id=\"833\" class=\"elementor elementor-833\">\n\t\t\t\t\t\t\t\t\t<section class=\"elementor-section elementor-top-section elementor-element elementor-element-40b9d9f elementor-section-boxed elementor-section-height-default elementor-section-height-default\" data-id=\"40b9d9f\" data-element_type=\"section\">\n\t\t\t\t\t\t<div class=\"elementor-container elementor-column-gap-default\">\n\t\t\t\t\t<div class=\"elementor-column elementor-col-50 elementor-top-column elementor-element elementor-element-8d47926\" data-id=\"8d47926\" data-element_type=\"column\">\n\t\t\t<div class=\"elementor-widget-wrap elementor-element-populated\">\n\t\t\t\t\t\t\t\t<div class=\"elementor-element elementor-element-5d5482a elementor-widget elementor-widget-heading\" data-id=\"5d5482a\" data-element_type=\"widget\" data-widget_type=\"heading.default\">\n\t\t\t\t<div class=\"elementor-widget-container\">\n\t\t\t<style>\/*! elementor - v3.6.6 - 08-06-2022 *\/\n.elementor-heading-title{padding:0;margin:0;line-height:1}.elementor-widget-heading .elementor-heading-title[class*=elementor-size-]>a{color:inherit;font-size:inherit;line-height:inherit}.elementor-widget-heading .elementor-heading-title.elementor-size-small{font-size:15px}.elementor-widget-heading .elementor-heading-title.elementor-size-medium{font-size:19px}.elementor-widget-heading .elementor-heading-title.elementor-size-large{font-size:29px}.elementor-widget-heading .elementor-heading-title.elementor-size-xl{font-size:39px}.elementor-widget-heading .elementor-heading-title.elementor-size-xxl{font-size:59px}<\/style><h4 class=\"elementor-heading-title elementor-size-default\">Soudeuse fibre optique Fujikura 90S+<\/h4>\t\t<\/div>\n\t\t\t\t<\/div>\n\t\t\t\t<div class=\"elementor-element elementor-element-1f092f7 elementor-widget elementor-widget-image\" data-id=\"1f092f7\" data-element_type=\"widget\" data-widget_type=\"image.default\">\n\t\t\t\t<div class=\"elementor-widget-container\">\n\t\t\t<style>\/*! elementor - v3.6.6 - 08-06-2022 *\/\n.elementor-widget-image{text-align:center}.elementor-widget-image a{display:inline-block}.elementor-widget-image a img[src$=\".svg\"]{width:48px}.elementor-widget-image img{vertical-align:middle;display:inline-block}<\/style>\t\t\t\t\t\t\t\t\t\t\t\t<img width=\"150\" height=\"150\" src=\"https:\/\/inopcom.com\/wp-content\/uploads\/2021\/10\/90S-150x150.png\" class=\"attachment-thumbnail size-thumbnail\" alt=\"\" loading=\"lazy\" \/>\t\t\t\t\t\t\t\t\t\t\t\t\t\t\t<\/div>\n\t\t\t\t<\/div>\n\t\t\t\t<div class=\"elementor-element elementor-element-349a0f2 elementor-widget elementor-widget-text-editor\" data-id=\"349a0f2\" data-element_type=\"widget\" data-widget_type=\"text-editor.default\">\n\t\t\t\t<div class=\"elementor-widget-container\">\n\t\t\t<style>\/*! elementor - v3.6.6 - 08-06-2022 *\/\n.elementor-widget-text-editor.elementor-drop-cap-view-stacked .elementor-drop-cap{background-color:#818a91;color:#fff}.elementor-widget-text-editor.elementor-drop-cap-view-framed .elementor-drop-cap{color:#818a91;border:3px solid;background-color:transparent}.elementor-widget-text-editor:not(.elementor-drop-cap-view-default) .elementor-drop-cap{margin-top:8px}.elementor-widget-text-editor:not(.elementor-drop-cap-view-default) .elementor-drop-cap-letter{width:1em;height:1em}.elementor-widget-text-editor .elementor-drop-cap{float:left;text-align:center;line-height:1;font-size:50px}.elementor-widget-text-editor .elementor-drop-cap-letter{display:inline-block}<\/style>\t\t\t\t<p style=\"text-align: left;\">Soudeuse fibre optique unitaire haut de gamme, alignement c\u0153ur \u00e0 c\u0153ur, automatis\u00e9e avec four int\u00e9gr\u00e9.<\/p><p style=\"text-align: left;\">Dot\u00e9e d\u2019une multitude de fonctionnalit\u00e9s nouvelles et am\u00e9lior\u00e9es, sp\u00e9cialement d\u00e9velopp\u00e9es pour permettre des temps de cycle soudure plus rapides avec une plus grande pr\u00e9cision.<\/p><p style=\"text-align: left;\"><span style=\"font-size: 16px;\">Connectivit\u00e9<\/span>\u00a0Bluetooth\u00a0pour contr\u00f4ler la cliveuse\u00a0<a href=\"https:\/\/www.itochu-hightech.com\/fr\/cliveuse-de-fibre-optique\/15-cliveuse-fujikura-ct50.html\">CT50<\/a><\/p><ul><li>Active Blade Management pour optimiser le nombre de coupes<\/li><li>Active Fusion Contr\u00f4le pour optimiser les pertes d&rsquo;\u00e9pissures<\/li><\/ul><p style=\"text-align: left;\"><strong><span style=\"color: #f88d00;\">0.00 \u20ac HT . Nous consulter<br \/><\/span><\/strong><\/p>\t\t\t\t\t\t<\/div>\n\t\t\t\t<\/div>\n\t\t\t\t\t<\/div>\n\t\t<\/div>\n\t\t\t\t<div class=\"elementor-column elementor-col-50 elementor-top-column elementor-element elementor-element-9da73ea\" data-id=\"9da73ea\" data-element_type=\"column\">\n\t\t\t<div class=\"elementor-widget-wrap elementor-element-populated\">\n\t\t\t\t\t\t\t\t<div class=\"elementor-element elementor-element-297d4b1 elementor-widget elementor-widget-heading\" data-id=\"297d4b1\" data-element_type=\"widget\" data-widget_type=\"heading.default\">\n\t\t\t\t<div class=\"elementor-widget-container\">\n\t\t\t<h4 class=\"elementor-heading-title elementor-size-default\">Soudeuse fibre optique Fujikura 41S<\/h4>\t\t<\/div>\n\t\t\t\t<\/div>\n\t\t\t\t<div class=\"elementor-element elementor-element-04a2fa4 elementor-widget elementor-widget-image\" data-id=\"04a2fa4\" data-element_type=\"widget\" data-widget_type=\"image.default\">\n\t\t\t\t<div class=\"elementor-widget-container\">\n\t\t\t\t\t\t\t\t\t\t\t\t\t\t\t<img width=\"150\" height=\"150\" src=\"https:\/\/inopcom.com\/wp-content\/uploads\/2021\/10\/41S-150x150.png\" class=\"attachment-thumbnail size-thumbnail\" alt=\"\" loading=\"lazy\" \/>\t\t\t\t\t\t\t\t\t\t\t\t\t\t\t<\/div>\n\t\t\t\t<\/div>\n\t\t\t\t<div class=\"elementor-element elementor-element-be9b683 elementor-widget elementor-widget-text-editor\" data-id=\"be9b683\" data-element_type=\"widget\" data-widget_type=\"text-editor.default\">\n\t\t\t\t<div class=\"elementor-widget-container\">\n\t\t\t\t\t\t\t<p>La soudeuse FTTx \u00e9volu\u00e9e ! Elle est \u00e0 gorges en V active.<\/p><p>Offre une gamme de fonctionnalit\u00e9s innovantes qui am\u00e9liorent globalement le temps d&rsquo;installation, le co\u00fbt et l&rsquo;efficiacit\u00e9 pour vous.\u00a0<\/p><p>Connectivit\u00e9\u00a0Bluetooth\u00a0pour contr\u00f4ler la cliveuse\u00a0<a href=\"https:\/\/www.itochu-hightech.com\/fr\/cliveuse-de-fibre-optique\/15-cliveuse-fujikura-ct50.html\">CT50<\/a><\/p><p>Elle a une toute nouvelle fonction qui permet d&rsquo;estimer la perte d&rsquo;\u00e9pissure bas\u00e9e sur le coeur de fibre. Compatible avec les diff\u00e9rentes fibres utilis\u00e9es (G651, G652, G655, G657).<\/p><p style=\"text-align: left;\"><strong><span style=\"color: #f88d00;\">0.00 \u20ac HT . Nous consulter<br \/><\/span><\/strong><\/p>\t\t\t\t\t\t<\/div>\n\t\t\t\t<\/div>\n\t\t\t\t\t<\/div>\n\t\t<\/div>\n\t\t\t\t\t\t\t<\/div>\n\t\t<\/section>\n\t\t\t\t\t\t\t<\/div>\n\t\t","protected":false},"excerpt":{"rendered":"<p>Soudeuse fibre optique Fujikura 90S+ Soudeuse fibre optique unitaire haut de gamme, alignement c\u0153ur \u00e0 c\u0153ur, automatis\u00e9e avec four int\u00e9gr\u00e9. Dot\u00e9e d\u2019une multitude de fonctionnalit\u00e9s nouvelles et am\u00e9lior\u00e9es, sp\u00e9cialement d\u00e9velopp\u00e9es pour permettre des temps de cycle soudure plus rapides avec une plus grande pr\u00e9cision. Connectivit\u00e9\u00a0Bluetooth\u00a0pour contr\u00f4ler la cliveuse\u00a0CT50 Active Blade Management pour optimiser le nombre &hellip;<\/p>\n<p class=\"read-more\"> <a class=\"\" href=\"https:\/\/inopcom.com\/index.php\/soudeuse-fukikura\/\"> <span class=\"screen-reader-text\">Soudeuses Fujikura<\/span> Lire la suite\u00a0\u00bb<\/a><\/p>\n","protected":false},"author":1,"featured_media":0,"parent":0,"menu_order":0,"comment_status":"closed","ping_status":"closed","template":"","meta":[],"_links":{"self":[{"href":"https:\/\/inopcom.com\/index.php\/wp-json\/wp\/v2\/pages\/833"}],"collection":[{"href":"https:\/\/inopcom.com\/index.php\/wp-json\/wp\/v2\/pages"}],"about":[{"href":"https:\/\/inopcom.com\/index.php\/wp-json\/wp\/v2\/types\/page"}],"author":[{"embeddable":true,"href":"https:\/\/inopcom.com\/index.php\/wp-json\/wp\/v2\/users\/1"}],"replies":[{"embeddable":true,"href":"https:\/\/inopcom.com\/index.php\/wp-json\/wp\/v2\/comments?post=833"}],"version-history":[{"count":24,"href":"https:\/\/inopcom.com\/index.php\/wp-json\/wp\/v2\/pages\/833\/revisions"}],"predecessor-version":[{"id":990,"href":"https:\/\/inopcom.com\/index.php\/wp-json\/wp\/v2\/pages\/833\/revisions\/990"}],"wp:attachment":[{"href":"https:\/\/inopcom.com\/index.php\/wp-json\/wp\/v2\/media?parent=833"}],"curies":[{"name":"wp","href":"https:\/\/api.w.org\/{rel}","templated":true}]}}